{"id":65,"date":"2014-11-27T13:27:14","date_gmt":"2014-11-27T12:27:14","guid":{"rendered":"http:\/\/www.fisch-mm.de\/?page_id=65"},"modified":"2015-11-11T15:18:43","modified_gmt":"2015-11-11T14:18:43","slug":"rezepte","status":"publish","type":"page","link":"https:\/\/www.fisch-mm.de\/?page_id=65","title":{"rendered":"Rezepte"},"content":{"rendered":"<p>Mal wieder Lust auf Fisch?<\/p>\n<p>Hier einige Rezepte f\u00fcr ein gelungenes Gericht.<\/p>\n<p><a href=\"http:\/\/www.fisch-mm.de\/?page_id=159\">Miesmuscheln in Wei\u00dfweinsauce<\/a><\/p>\n<p><a href=\"http:\/\/www.fisch-mm.de\/?page_id=161\">Muscheln nach Rheinischer Art<\/a><\/p>\n<p><a title=\"Ab in den Ofen Auflauf\" href=\"http:\/\/www.fisch-mm.de\/?page_id=47\">Wirsing auf Kabeljau<\/a><\/p>\n<p><a title=\"Kr\u00e4uter-Dorade\" href=\"http:\/\/www.fisch-mm.de\/?page_id=115\">Kr\u00e4uter-Dorade<\/a><\/p>\n<p><a title=\"Schollenfilet auf Blattspinat\" href=\"http:\/\/www.fisch-mm.de\/?page_id=117\">Schollenfilet auf Blattspinat<\/a><\/p>\n<p><a title=\"Skrei in Krabbenso\u00dfe\" href=\"http:\/\/www.fisch-mm.de\/?page_id=119\">Skrei in Krabbenso\u00dfe<\/a><\/p>\n<p><a title=\"Zanderfilet in Senfkornsauce\" href=\"http:\/\/www.fisch-mm.de\/?page_id=122\">Zanderfilet in Senfkornsauce<\/a><\/p>\n","protected":false},"excerpt":{"rendered":"<p>Mal wieder Lust auf Fisch? Hier einige Rezepte f\u00fcr ein gelungenes Gericht. Miesmuscheln in Wei\u00dfweinsauce Muscheln nach Rheinischer Art Wirsing auf Kabeljau Kr\u00e4uter-Dorade Schollenfilet auf Blattspinat Skrei in Krabbenso\u00dfe Zanderfilet in Senfkornsauce<\/p>\n","protected":false},"author":1,"featured_media":0,"parent":0,"menu_order":0,"comment_status":"closed","ping_status":"closed","template":"","meta":{"footnotes":""},"class_list":["post-65","page","type-page","status-publish","hentry"],"_links":{"self":[{"href":"https:\/\/www.fisch-mm.de\/index.php?rest_route=\/wp\/v2\/pages\/65","targetHints":{"allow":["GET"]}}],"collection":[{"href":"https:\/\/www.fisch-mm.de\/index.php?rest_route=\/wp\/v2\/pages"}],"about":[{"href":"https:\/\/www.fisch-mm.de\/index.php?rest_route=\/wp\/v2\/types\/page"}],"author":[{"embeddable":true,"href":"https:\/\/www.fisch-mm.de\/index.php?rest_route=\/wp\/v2\/users\/1"}],"replies":[{"embeddable":true,"href":"https:\/\/www.fisch-mm.de\/index.php?rest_route=%2Fwp%2Fv2%2Fcomments&post=65"}],"version-history":[{"count":5,"href":"https:\/\/www.fisch-mm.de\/index.php?rest_route=\/wp\/v2\/pages\/65\/revisions"}],"predecessor-version":[{"id":165,"href":"https:\/\/www.fisch-mm.de\/index.php?rest_route=\/wp\/v2\/pages\/65\/revisions\/165"}],"wp:attachment":[{"href":"https:\/\/www.fisch-mm.de\/index.php?rest_route=%2Fwp%2Fv2%2Fmedia&parent=65"}],"curies":[{"name":"wp","href":"https:\/\/api.w.org\/{rel}","templated":true}]}}