{"id":39,"date":"2014-11-24T09:46:27","date_gmt":"2014-11-24T08:46:27","guid":{"rendered":"http:\/\/fisch-mm.de\/wordpress\/?page_id=39"},"modified":"2016-05-02T15:21:44","modified_gmt":"2016-05-02T13:21:44","slug":"partyservice","status":"publish","type":"page","link":"https:\/\/www.fisch-mm.de\/?page_id=39","title":{"rendered":"Partyservice"},"content":{"rendered":"<p>Ob Familienfeste, private Partys oder Firmen-Events, Fisch ist immer eine beliebte K\u00f6stlichkeit.<br \/>\nOb Echter R\u00e4ucherlachs, R\u00e4ucheraal, Heilbutt, Stremellachs oder Forellenfilets mit Sahnemeerrettich:<br \/>\nWir beraten Sie gerne, wenn Sie eine Feier planen.<\/p>\n<p>Kleine Beistellplatte, belegte Canapes, Br\u00f6tchen oder ein ganzes Fischbuffet, wir bereiten alles zu und liefern frei Haus*.<\/p>\n<p><a href=\"https:\/\/www.fisch-mm.de\/wordpress\/wp-content\/uploads\/2015\/01\/PB140065.jpg\"><img loading=\"lazy\" decoding=\"async\" class=\"alignnone size-full wp-image-95\" src=\"https:\/\/www.fisch-mm.de\/wordpress\/wp-content\/uploads\/2015\/01\/PB140065.jpg\" alt=\"PB140065\" width=\"300\" height=\"225\" \/><\/a><\/p>\n<p>Jede Platte ist individuell und nach Ihren W\u00fcnschen hergerichtet.<\/p>\n<p>&nbsp;<\/p>\n<p>Rufen Sie uns doch mal an.<\/p>\n<p><strong>Telefon-Nr. 02151\/403122, 0174-32 48 961 oder 0172-243 0730<\/strong><\/p>\n<p>*Frei Haus: Rumeln,Vennikel, Schwafheim. Rheinhausen, Friemersheim, Traar, Kapellen<\/p>\n","protected":false},"excerpt":{"rendered":"<p>Ob Familienfeste, private Partys oder Firmen-Events, Fisch ist immer eine beliebte K\u00f6stlichkeit. Ob Echter R\u00e4ucherlachs, R\u00e4ucheraal, Heilbutt, Stremellachs oder Forellenfilets mit Sahnemeerrettich: Wir beraten Sie gerne, wenn Sie eine Feier planen. Kleine Beistellplatte, belegte Canapes, Br\u00f6tchen oder ein ganzes Fischbuffet, wir bereiten alles zu und liefern frei Haus*. Jede Platte ist individuell und nach Ihren&#8230;<\/p>\n","protected":false},"author":1,"featured_media":0,"parent":0,"menu_order":0,"comment_status":"closed","ping_status":"closed","template":"","meta":{"footnotes":""},"class_list":["post-39","page","type-page","status-publish","hentry"],"_links":{"self":[{"href":"https:\/\/www.fisch-mm.de\/index.php?rest_route=\/wp\/v2\/pages\/39","targetHints":{"allow":["GET"]}}],"collection":[{"href":"https:\/\/www.fisch-mm.de\/index.php?rest_route=\/wp\/v2\/pages"}],"about":[{"href":"https:\/\/www.fisch-mm.de\/index.php?rest_route=\/wp\/v2\/types\/page"}],"author":[{"embeddable":true,"href":"https:\/\/www.fisch-mm.de\/index.php?rest_route=\/wp\/v2\/users\/1"}],"replies":[{"embeddable":true,"href":"https:\/\/www.fisch-mm.de\/index.php?rest_route=%2Fwp%2Fv2%2Fcomments&post=39"}],"version-history":[{"count":5,"href":"https:\/\/www.fisch-mm.de\/index.php?rest_route=\/wp\/v2\/pages\/39\/revisions"}],"predecessor-version":[{"id":174,"href":"https:\/\/www.fisch-mm.de\/index.php?rest_route=\/wp\/v2\/pages\/39\/revisions\/174"}],"wp:attachment":[{"href":"https:\/\/www.fisch-mm.de\/index.php?rest_route=%2Fwp%2Fv2%2Fmedia&parent=39"}],"curies":[{"name":"wp","href":"https:\/\/api.w.org\/{rel}","templated":true}]}}