{"id":159,"date":"2015-11-11T15:14:53","date_gmt":"2015-11-11T14:14:53","guid":{"rendered":"http:\/\/www.fisch-mm.de\/?page_id=159"},"modified":"2015-11-11T15:14:53","modified_gmt":"2015-11-11T14:14:53","slug":"miesmuscheln-in-weissweinsauce","status":"publish","type":"page","link":"https:\/\/www.fisch-mm.de\/?page_id=159","title":{"rendered":"Miesmuscheln in Wei\u00dfweinsauce"},"content":{"rendered":"<p><u>Zutaten f\u00fcr 4 Personen<\/u><\/p>\n<p>3 kg Miesmuscheln<\/p>\n<p>600 ml Wei\u00dfwein (trocken)<\/p>\n<p>5 St. Knoblauchzehen<\/p>\n<p>1 St. gro\u00dfe Zwiebel<\/p>\n<p>2 St. Karotten<\/p>\n<p>10 E\u00dfl. Oliven\u00f6l<\/p>\n<p>Gew\u00fcrze ( Salz, Pfeffer)<\/p>\n<p><u>Zubereitung:<\/u><\/p>\n<p>Das \u00d6l in einem sehr gro\u00dfen Topf erhitzen. Dann geben Sie die Zwiebeln, den Knoblauch und die Karottenst\u00fccke dazu und d\u00fcnsten alles.<\/p>\n<p>Anschlie\u00dfend geben Sie die Gew\u00fcrze dazu und gie\u00dfen dann den Wei\u00dfwein dazu.<\/p>\n<p>Jetzt kommen die Muscheln in den Topf. Wenn alles kocht betr\u00e4gt die Kochzeit noch etwa 10 Minuten.<\/p>\n<p>&nbsp;<\/p>\n<p>Viel Spa\u00df beim Nachkochen und guten Appetit<\/p>\n","protected":false},"excerpt":{"rendered":"<p>Zutaten f\u00fcr 4 Personen 3 kg Miesmuscheln 600 ml Wei\u00dfwein (trocken) 5 St. Knoblauchzehen 1 St. gro\u00dfe Zwiebel 2 St. Karotten 10 E\u00dfl. Oliven\u00f6l Gew\u00fcrze ( Salz, Pfeffer) Zubereitung: Das \u00d6l in einem sehr gro\u00dfen Topf erhitzen. Dann geben Sie die Zwiebeln, den Knoblauch und die Karottenst\u00fccke dazu und d\u00fcnsten alles. Anschlie\u00dfend geben Sie die&#8230;<\/p>\n","protected":false},"author":1,"featured_media":0,"parent":0,"menu_order":0,"comment_status":"closed","ping_status":"closed","template":"","meta":{"footnotes":""},"class_list":["post-159","page","type-page","status-publish","hentry"],"_links":{"self":[{"href":"https:\/\/www.fisch-mm.de\/index.php?rest_route=\/wp\/v2\/pages\/159","targetHints":{"allow":["GET"]}}],"collection":[{"href":"https:\/\/www.fisch-mm.de\/index.php?rest_route=\/wp\/v2\/pages"}],"about":[{"href":"https:\/\/www.fisch-mm.de\/index.php?rest_route=\/wp\/v2\/types\/page"}],"author":[{"embeddable":true,"href":"https:\/\/www.fisch-mm.de\/index.php?rest_route=\/wp\/v2\/users\/1"}],"replies":[{"embeddable":true,"href":"https:\/\/www.fisch-mm.de\/index.php?rest_route=%2Fwp%2Fv2%2Fcomments&post=159"}],"version-history":[{"count":1,"href":"https:\/\/www.fisch-mm.de\/index.php?rest_route=\/wp\/v2\/pages\/159\/revisions"}],"predecessor-version":[{"id":160,"href":"https:\/\/www.fisch-mm.de\/index.php?rest_route=\/wp\/v2\/pages\/159\/revisions\/160"}],"wp:attachment":[{"href":"https:\/\/www.fisch-mm.de\/index.php?rest_route=%2Fwp%2Fv2%2Fmedia&parent=159"}],"curies":[{"name":"wp","href":"https:\/\/api.w.org\/{rel}","templated":true}]}}