{"id":10,"date":"2014-11-21T10:22:08","date_gmt":"2014-11-21T09:22:08","guid":{"rendered":"http:\/\/fisch-mm.de\/wordpress\/?page_id=10"},"modified":"2015-01-20T11:17:38","modified_gmt":"2015-01-20T10:17:38","slug":"sortiment","status":"publish","type":"page","link":"https:\/\/www.fisch-mm.de\/?page_id=10","title":{"rendered":"Sortiment"},"content":{"rendered":"<p>Wir bieten ein anspruchsvolles Sortiment<\/p>\n<p>an Frischfisch wie z. B. Rotbarsch, Seelachs, Schellfisch, Heilbutt, Seeteufel, Scholle, Katfisch, Seezunge, Hering und noch vieles mehr,<\/p>\n<p>Auf<strong> Frische und Qualit\u00e4t<\/strong> wird bei uns besonderen Wert gelegt.<\/p>\n<p><a href=\"https:\/\/www.fisch-mm.de\/wordpress\/wp-content\/uploads\/2015\/01\/PB300035a.jpg\"><img loading=\"lazy\" decoding=\"async\" class=\"alignnone size-full wp-image-94\" src=\"https:\/\/www.fisch-mm.de\/wordpress\/wp-content\/uploads\/2015\/01\/PB300035a.jpg\" alt=\"PB300035a\" width=\"300\" height=\"225\" \/><\/a><\/p>\n<p>Mehrmals w\u00f6chentlich werden wir von unseren <strong>MSC-zertifizierten<\/strong> Gro\u00dfh\u00e4ndlern der deutschen, d\u00e4nischen<\/p>\n<p>und holl\u00e4ndischen K\u00fcste beliefert.<\/p>\n<p><strong>Unbelastete Fanggebiete <\/strong>wie z.B. der Fang aus Island, Norwegen<\/p>\n<p>Irland oder den Far\u00f6er-Inseln werden von ihnen genutzt.<\/p>\n<p>Unsere S\u00fc\u00dfwasserfische kommen nur aus <strong>einwandfreier Produktion<\/strong>.<\/p>\n<p>Selbstverst\u00e4ndlich bieten wir auch weitere <strong>Edelfische<\/strong> wie Doraden, Loup de Mer oder Thunfisch an, welchen von Auktionen der ganzen Welt kommen.<\/p>\n<p>Unsere Fischfilet\u00b4s werden von Hand filitiert und nach unseren W\u00fcnschen in Sachen Gr\u00f6\u00dfen zurecht geschnitten.<\/p>\n<p><a href=\"https:\/\/www.fisch-mm.de\/wordpress\/wp-content\/uploads\/2014\/12\/PB140072.jpg\"><img loading=\"lazy\" decoding=\"async\" class=\"alignnone size-full wp-image-81\" src=\"https:\/\/www.fisch-mm.de\/wordpress\/wp-content\/uploads\/2014\/12\/PB140072.jpg\" alt=\"PB140072\" width=\"300\" height=\"225\" \/><\/a><\/p>\n<p>Zu den von uns angebotenen Krusten- und Schalentieren geh\u00f6ren u. a. der im S\u00fc\u00dfwasser beheimatete Flusskrebs, viele Arten von Garnelen, wie z. B. die Nordseekrabbe, Black Tiger Prawn und, wenn Sie m\u00f6chten auch der Hummer.<\/p>\n<p>Miesmuscheln sind bei uns Rheinl\u00e4ndern in den Wintermonaten eine beliebte Mahlzeit. Sie werden in Aquakulturen an Treibgestellen, an Pf\u00e4hlen, Tauen oder am Boden mit festem Substrat kultiviert. Wir bieten Muscheln in verschiedenen Klassen meist lose an. Von \u201cSuper\u201d bis \u201cImperial\u201d l\u00e4\u00dft sich bei uns alles erwerben. Aber auch die Auster oder Jakobsmuscheln sind auf Bestellung bei uns erh\u00e4ltlich.<\/p>\n<p>&nbsp;<\/p>\n<p>Unsere Fischsalate werden zum gr\u00f6\u00dften Teil <strong>ohne Konservierungsstoffe<\/strong> hergestellt.<\/p>\n<p>Zu den beliebtesten Salaten geh\u00f6rt der Heringsstipp sowie der Matjessalat in einer Joghurt-Kr\u00e4uter-Marinade.<\/p>\n<p>Aber probieren sie auch die vielen anderen Sorten.<\/p>\n<p><a href=\"https:\/\/www.fisch-mm.de\/wordpress\/wp-content\/uploads\/2014\/12\/PB140069.jpg\"><img loading=\"lazy\" decoding=\"async\" class=\"alignnone size-full wp-image-82\" src=\"https:\/\/www.fisch-mm.de\/wordpress\/wp-content\/uploads\/2014\/12\/PB140069.jpg\" alt=\"PB140069\" width=\"300\" height=\"225\" \/><\/a><\/p>\n<p>&nbsp;<\/p>\n<p>Nur fachm\u00e4nnisches K\u00f6nnen garantiert den <strong>feinsten Geschmack<\/strong><\/p>\n<p>bei unseren Heringsmarinaden wie dem Bismarckhering,<\/p>\n<p>Rolllmops, Brathering oder Bratrollmops.<\/p>\n<p><a href=\"https:\/\/www.fisch-mm.de\/wordpress\/wp-content\/uploads\/2015\/01\/PB140070.jpg\"><img loading=\"lazy\" decoding=\"async\" class=\"alignnone size-full wp-image-96\" src=\"https:\/\/www.fisch-mm.de\/wordpress\/wp-content\/uploads\/2015\/01\/PB140070.jpg\" alt=\"PB140070\" width=\"300\" height=\"225\" \/><\/a><\/p>\n<p>Auch eine vollst\u00e4ndige Matjesproduktion wird von unseren Gro\u00dfh\u00e4ndlern<\/p>\n<p>garantiert, d.h. vom Fang, salzen, reifen bis hin zur Handfilitierung sind sie<\/p>\n<p>Besonders in der Matjeszeit eine K\u00f6stlichkeit<\/p>\n<p><a href=\"https:\/\/www.fisch-mm.de\/wordpress\/wp-content\/uploads\/2014\/12\/PB300032.jpg\"><img loading=\"lazy\" decoding=\"async\" class=\"alignnone size-full wp-image-77\" src=\"https:\/\/www.fisch-mm.de\/wordpress\/wp-content\/uploads\/2014\/12\/PB300032.jpg\" alt=\"PB300032\" width=\"300\" height=\"225\" \/><\/a><\/p>\n<p>&nbsp;<\/p>\n<p>Die R\u00e4ucherfische werden ausschlie\u00dflich mit Salz auf Buchenholz ger\u00e4uchert.<\/p>\n<p>Wir verzichten auch hier auf jegliche Fremdstoffzugabe.<\/p>\n","protected":false},"excerpt":{"rendered":"<p>Wir bieten ein anspruchsvolles Sortiment an Frischfisch wie z. B. Rotbarsch, Seelachs, Schellfisch, Heilbutt, Seeteufel, Scholle, Katfisch, Seezunge, Hering und noch vieles mehr, Auf Frische und Qualit\u00e4t wird bei uns besonderen Wert gelegt. Mehrmals w\u00f6chentlich werden wir von unseren MSC-zertifizierten Gro\u00dfh\u00e4ndlern der deutschen, d\u00e4nischen und holl\u00e4ndischen K\u00fcste beliefert. Unbelastete Fanggebiete wie z.B. der Fang aus&#8230;<\/p>\n","protected":false},"author":1,"featured_media":0,"parent":0,"menu_order":0,"comment_status":"closed","ping_status":"closed","template":"","meta":{"footnotes":""},"class_list":["post-10","page","type-page","status-publish","hentry"],"_links":{"self":[{"href":"https:\/\/www.fisch-mm.de\/index.php?rest_route=\/wp\/v2\/pages\/10","targetHints":{"allow":["GET"]}}],"collection":[{"href":"https:\/\/www.fisch-mm.de\/index.php?rest_route=\/wp\/v2\/pages"}],"about":[{"href":"https:\/\/www.fisch-mm.de\/index.php?rest_route=\/wp\/v2\/types\/page"}],"author":[{"embeddable":true,"href":"https:\/\/www.fisch-mm.de\/index.php?rest_route=\/wp\/v2\/users\/1"}],"replies":[{"embeddable":true,"href":"https:\/\/www.fisch-mm.de\/index.php?rest_route=%2Fwp%2Fv2%2Fcomments&post=10"}],"version-history":[{"count":5,"href":"https:\/\/www.fisch-mm.de\/index.php?rest_route=\/wp\/v2\/pages\/10\/revisions"}],"predecessor-version":[{"id":97,"href":"https:\/\/www.fisch-mm.de\/index.php?rest_route=\/wp\/v2\/pages\/10\/revisions\/97"}],"wp:attachment":[{"href":"https:\/\/www.fisch-mm.de\/index.php?rest_route=%2Fwp%2Fv2%2Fmedia&parent=10"}],"curies":[{"name":"wp","href":"https:\/\/api.w.org\/{rel}","templated":true}]}}